{"id":2,"date":"2014-11-22T12:07:42","date_gmt":"2014-11-22T12:07:42","guid":{"rendered":"http:\/\/paal-oliver.com\/?page_id=2"},"modified":"2015-01-24T08:56:52","modified_gmt":"2015-01-24T07:56:52","slug":"testside","status":"publish","type":"page","link":"https:\/\/paal-oliver.com\/?page_id=2","title":{"rendered":"Om hytta"},"content":{"rendered":"<p>Vi valgte \u00e5 g\u00e5 for en hyttemodell fra Familiehytta som heter <a href=\"http:\/\/www.familiehytta.no\/#!fh-145-osensjen\/c1wjs\">Osensj\u00f8en<\/a>.<\/p>\n<figure id=\"attachment_54\" aria-describedby=\"caption-attachment-54\" style=\"width: 980px\" class=\"wp-caption alignnone\"><a href=\"http:\/\/paal-oliver.com\/wp-content\/uploads\/2015\/01\/osensjoen_demo.jpg\"><img loading=\"lazy\" class=\"size-full wp-image-54\" src=\"http:\/\/paal-oliver.com\/wp-content\/uploads\/2015\/01\/osensjoen_demo.jpg\" alt=\"Bildet hentet fra Familiehytta.no \" width=\"980\" height=\"400\" data-id=\"54\" srcset=\"https:\/\/paal-oliver.com\/wp-content\/uploads\/2015\/01\/osensjoen_demo.jpg 980w, https:\/\/paal-oliver.com\/wp-content\/uploads\/2015\/01\/osensjoen_demo-300x122.jpg 300w\" sizes=\"(max-width: 980px) 100vw, 980px\" \/><\/a><figcaption id=\"caption-attachment-54\" class=\"wp-caption-text\">Bildet hentet fra Familiehytta.no<\/figcaption><\/figure>\n<p>Vi har gjort f\u00f8lgende tilpasninger fra standardmodell:<\/p>\n<ul>\n<li>Speilvendt planl\u00f8sning<\/li>\n<li>\u00d8kt st\u00f8rrelsen p\u00e5 terasse slik at den dekker b\u00e5de vest og \u00f8stsiden av forsiden.<\/li>\n<li>Kortet inn badstu i lengderetning og laget dusjkrok<\/li>\n<li>Endret plassering p\u00e5 toalett og m\u00f8blement p\u00e5 bad.<\/li>\n<li>Flyttet varmtvannsbereder og andre tekniske apparat til bod og gjort bod til v\u00e5trom.<\/li>\n<li>Minsket takvinkel med 1 grad for \u00e5 senke takh\u00f8yden ca 10. ihht krav fra Trysil kommune.<\/li>\n<\/ul>\n<p>Her er en plantegning for 1. etasje.<\/p>\n<p><a href=\"http:\/\/paal-oliver.com\/wp-content\/uploads\/2014\/11\/Skjermbilde-2014-11-22-kl.-13.58.27.png\"><img loading=\"lazy\" class=\"alignnone wp-image-35\" src=\"http:\/\/paal-oliver.com\/wp-content\/uploads\/2014\/11\/Skjermbilde-2014-11-22-kl.-13.58.27.png\" alt=\"Skjermbilde 2014-11-22 kl. 13.58.27\" width=\"465\" height=\"498\" srcset=\"https:\/\/paal-oliver.com\/wp-content\/uploads\/2014\/11\/Skjermbilde-2014-11-22-kl.-13.58.27.png 1304w, https:\/\/paal-oliver.com\/wp-content\/uploads\/2014\/11\/Skjermbilde-2014-11-22-kl.-13.58.27-280x300.png 280w, https:\/\/paal-oliver.com\/wp-content\/uploads\/2014\/11\/Skjermbilde-2014-11-22-kl.-13.58.27-956x1024.png 956w\" sizes=\"(max-width: 465px) 100vw, 465px\" \/><\/a><\/p>\n","protected":false},"excerpt":{"rendered":"<p>Vi valgte \u00e5 g\u00e5 for en hyttemodell fra Familiehytta som heter Osensj\u00f8en. Vi har gjort f\u00f8lgende tilpasninger fra standardmodell: Speilvendt planl\u00f8sning \u00d8kt st\u00f8rrelsen p\u00e5 terasse slik at den dekker b\u00e5de vest og \u00f8stsiden av forsiden. Kortet inn badstu i lengderetning og laget dusjkrok Endret plassering p\u00e5 toalett og m\u00f8blement p\u00e5 bad. Flyttet varmtvannsbereder og andre &hellip; <a href=\"https:\/\/paal-oliver.com\/?page_id=2\" class=\"more-link\">Fortsett \u00e5 lese <span class=\"screen-reader-text\">Om hytta<\/span><\/a><\/p>\n","protected":false},"author":1,"featured_media":0,"parent":0,"menu_order":0,"comment_status":"open","ping_status":"open","template":"","meta":[],"_links":{"self":[{"href":"https:\/\/paal-oliver.com\/index.php?rest_route=\/wp\/v2\/pages\/2"}],"collection":[{"href":"https:\/\/paal-oliver.com\/index.php?rest_route=\/wp\/v2\/pages"}],"about":[{"href":"https:\/\/paal-oliver.com\/index.php?rest_route=\/wp\/v2\/types\/page"}],"author":[{"embeddable":true,"href":"https:\/\/paal-oliver.com\/index.php?rest_route=\/wp\/v2\/users\/1"}],"replies":[{"embeddable":true,"href":"https:\/\/paal-oliver.com\/index.php?rest_route=%2Fwp%2Fv2%2Fcomments&post=2"}],"version-history":[{"count":4,"href":"https:\/\/paal-oliver.com\/index.php?rest_route=\/wp\/v2\/pages\/2\/revisions"}],"predecessor-version":[{"id":55,"href":"https:\/\/paal-oliver.com\/index.php?rest_route=\/wp\/v2\/pages\/2\/revisions\/55"}],"wp:attachment":[{"href":"https:\/\/paal-oliver.com\/index.php?rest_route=%2Fwp%2Fv2%2Fmedia&parent=2"}],"curies":[{"name":"wp","href":"https:\/\/api.w.org\/{rel}","templated":true}]}}